{"id":1413,"date":"2018-08-22T09:15:58","date_gmt":"2018-08-22T07:15:58","guid":{"rendered":"http:\/\/www.bwkrakow.pl\/nablogu\/?page_id=1413"},"modified":"2022-09-26T08:58:36","modified_gmt":"2022-09-26T06:58:36","slug":"polityka-prywatnosci","status":"publish","type":"page","link":"https:\/\/www.bwkrakow.pl\/nablogu\/polityka-prywatnosci","title":{"rendered":"Polityka prywatno\u015bci"},"content":{"rendered":"<p>Wyra\u017cam zgod\u0119 na przetwarzanie moich danych osobowych tj. zawartych w plikach cookies\u00a0 przez\u00a0 Satoria Group S.A. z siedzib\u0105 w Warszawie (02-758), przy ul. Mangalia 1a, NIP 5271557591, REGON 012330410, kapita\u0142 zak\u0142adowy 9 404 900,00 z\u0142, wpisana do rejestru przedsi\u0119biorc\u00f3w S\u0105du Rejonowego dla <a href=\"http:\/\/m.st\/\" target=\"_blank\" rel=\"noopener noreferrer\">m.st<\/a>. Warszawy, XII Wydzia\u0142 Gospodarczy Krajowego Rejestru S\u0105dowego pod numerem KRS 0000281121 (dalej \u201eSatoria Group S.A.\u201d lub \u201eAdministrator\u201d), w celu dostosowania tre\u015bci strony internetowej do Pa\u0144stwa preferencji, optymalizacji korzystania ze stron internetowych. tworzenia anonimowych statystyk, kt\u00f3re umo\u017cliwiaj\u0105 zrozumienie sposobu korzystania u\u017cytkownika ze stron internetowych.<\/p>\n<p>Administratorem danych i operatorem serwis\u00f3w internetowych (dalej \u201eSerwisy\u201d) jest Satoria Group S.A. z siedzib\u0105 w Warszawie (02-758), przy ul. Mangalia 1a, NIP5271557591,REGON012330410, kapita\u0142 zak\u0142adowy 9 404 900,00 z\u0142, wpisana do rejestru przedsi\u0119biorc\u00f3w S\u0105du Rejonowego dla\u00a0<a href=\"http:\/\/m.st\/\" target=\"_blank\" rel=\"noopener noreferrer\">m.st<\/a>. Warszawy, XII Wydzia\u0142 Gospodarczy Krajowego Rejestru S\u0105dowego pod numerem KRS 0000281121 (dalej \u201eSatoria Group S.A.\u201d lub \u201eAdministrator\u201d). Numer telefonu 12 421-67-61 adres e-mail <a href=\"mailto:privacy@rthotels.pl\">privacy@rthotels.pl<\/a><\/p>\n<p>Pliki cookies s\u0105 to dane informatyczne (m.in. pliki tekstowe). S\u0105 one przechowywane w urz\u0105dzeniach ko\u0144cowych w celu korzystania ze stron internetowych.<\/p>\n<p>Ciasteczka mog\u0105 by\u0107 u\u017cywane w celu:<\/p>\n<ol>\n<li>dostosowania tre\u015bci strony internetowej do Pa\u0144stwa preferencji,<\/li>\n<li>optymalizacji korzystania ze stron internetowych<\/li>\n<li>tworzenia anonimowych statystyk, kt\u00f3re umo\u017cliwiaj\u0105 zrozumienie sposobu korzystania u\u017cytkownika ze stron internetowych<\/li>\n<\/ol>\n<p>Stosowane s\u0105 nast\u0119puj\u0105ce rodzaje plik\u00f3w:<\/p>\n<ol>\n<li>sesyjne<\/li>\n<li>sta\u0142e.<\/li>\n<\/ol>\n<p>Pliki sesyjne przechowywane s\u0105 tymczasowo tj. pozostaj\u0105 one w pami\u0119ci urz\u0105dzenia do czasu wylogowania, wy\u0142\u0105czenia strony internetowej czy przegl\u0105darki.<\/p>\n<p>Natomiast pliki sta\u0142e pozostaj\u0105 w pami\u0119ci urz\u0105dzenia u\u017cytkownika w czasie okre\u015blonym w parametrach pliku cookies albo do momentu usuni\u0119cia pliku przez u\u017cytkownika.<\/p>\n<p>Ciasteczka, z kt\u00f3rych korzysta strona internetowa, mog\u0105 by\u0107 udost\u0119pnione innym podmiotom wsp\u00f3\u0142pracuj\u0105cym z w\u0142a\u015bcicielem strony oraz reklamodawc\u0105.<\/p>\n<p>Przegl\u0105darki internetowe w spos\u00f3b domy\u015blny dopuszczaj\u0105 mo\u017cliwo\u015b\u0107 umieszczenia plik\u00f3w cookies na urz\u0105dzeniach ko\u0144cowych. Ustawienia mog\u0105 zosta\u0107 zmienione przez u\u017cytkownika. Szczeg\u00f3\u0142owe informacje o mo\u017cliwo\u015bci i sposobach korzystania z ciasteczek dost\u0119pne s\u0105 w ustawieniach przegl\u0105darki internetowej. Prosz\u0119 mie\u0107 na uwadze, \u017ce ograniczenie stosowania ciasteczek mo\u017ce wp\u0142yn\u0105\u0107 na niekt\u00f3re funkcje dost\u0119pne na stronie www.<\/p>\n<p>Podstaw\u0105 prawn\u0105 przetwarzania danych osobowych jest zgoda (art. 6 ust. 1 a)\u00a0 Rozporz\u0105dzenia o ochronie danych osobowych \u2013 RODO).<\/p>\n<p>Pa\u0144stwa dane mog\u0105 by\u0107 przekazane nast\u0119puj\u0105cym kategoriom odbiorc\u00f3w danych podmiotom \u015bwiadcz\u0105cym us\u0142ugi informatyczne.<\/p>\n<p>Pa\u0144stwa dane osobowe nie b\u0119d\u0105 przekazywane do pa\u0144stwa trzeciego lub organizacji mi\u0119dzynarodowej.<\/p>\n<p>W ka\u017cdej chwili mog\u0105 Pa\u0144stwo cofn\u0105\u0107 zgod\u0119 na przetwarzanie danych osobowych, ale cofni\u0119cie zgody nie wp\u0142ywa na zgodno\u015b\u0107 z prawem przetwarzania, kt\u00f3rego dokonano na podstawie zgody przed jej wycofaniem.<\/p>\n<p>Przys\u0142uguje Pa\u0144stwu prawo do:<\/p>\n<ol>\n<li>\u017c\u0105dania od administratora dost\u0119pu do Pa\u0144stwa danych osobowych;<\/li>\n<li>sprostowania danych osobowych;<\/li>\n<\/ol>\n<ul>\n<li>usuni\u0119cia danych osobowych;<\/li>\n<\/ul>\n<ol>\n<li>ograniczenia przetwarzania danych osobowych;<\/li>\n<li>wniesienia sprzeciwu wobec przetwarzania;<\/li>\n<li>przenoszenia danych;<\/li>\n<\/ol>\n<ul>\n<li>wniesienia skargi do organu nadzorczego.<\/li>\n<\/ul>\n<p>Dane osobowe b\u0119d\u0105 przechowywane przez 365 dni nie d\u0142u\u017cej ni\u017c do momentu cofni\u0119cia zgody.<\/p>\n<p>Zgodna na przetwarzanie danych osobowych jest dobrowolna.<\/p>\n<p>Pa\u0144stwa dane osobowe nie podlegaj\u0105 podejmowaniu decyzji w spos\u00f3b zautomatyzowany, w tym profilowaniu.<\/p>\n","protected":false},"excerpt":{"rendered":"<p>Wyra\u017cam zgod\u0119 na przetwarzanie moich danych osobowych tj. zawartych w plikach cookies\u00a0 przez\u00a0 Satoria Group S.A. z siedzib\u0105 w Warszawie (02-758), przy ul. Mangalia 1a, NIP 5271557591, REGON 012330410, kapita\u0142 zak\u0142adowy 9 404 900,00 z\u0142, wpisana do rejestru przedsi\u0119biorc\u00f3w S\u0105du Rejonowego dla m.st. Warszawy, XII Wydzia\u0142 Gospodarczy Krajowego Rejestru S\u0105dowego pod numerem KRS 0000281121 (dalej [&hellip;]<\/p>\n","protected":false},"author":1,"featured_media":0,"parent":0,"menu_order":0,"comment_status":"closed","ping_status":"closed","template":"","meta":{"footnotes":""},"class_list":["post-1413","page","type-page","status-publish","hentry"],"aioseo_notices":[],"_links":{"self":[{"href":"https:\/\/www.bwkrakow.pl\/nablogu\/wp-json\/wp\/v2\/pages\/1413"}],"collection":[{"href":"https:\/\/www.bwkrakow.pl\/nablogu\/wp-json\/wp\/v2\/pages"}],"about":[{"href":"https:\/\/www.bwkrakow.pl\/nablogu\/wp-json\/wp\/v2\/types\/page"}],"author":[{"embeddable":true,"href":"https:\/\/www.bwkrakow.pl\/nablogu\/wp-json\/wp\/v2\/users\/1"}],"replies":[{"embeddable":true,"href":"https:\/\/www.bwkrakow.pl\/nablogu\/wp-json\/wp\/v2\/comments?post=1413"}],"version-history":[{"count":3,"href":"https:\/\/www.bwkrakow.pl\/nablogu\/wp-json\/wp\/v2\/pages\/1413\/revisions"}],"predecessor-version":[{"id":2377,"href":"https:\/\/www.bwkrakow.pl\/nablogu\/wp-json\/wp\/v2\/pages\/1413\/revisions\/2377"}],"wp:attachment":[{"href":"https:\/\/www.bwkrakow.pl\/nablogu\/wp-json\/wp\/v2\/media?parent=1413"}],"curies":[{"name":"wp","href":"https:\/\/api.w.org\/{rel}","templated":true}]}}